{"id":8370,"date":"2021-06-07T14:25:23","date_gmt":"2021-06-07T12:25:23","guid":{"rendered":"https:\/\/www.lapandi.org\/?page_id=8370"},"modified":"2021-06-07T14:49:07","modified_gmt":"2021-06-07T12:49:07","slug":"contact","status":"publish","type":"page","link":"https:\/\/www.lapandi.org\/en\/contact\/","title":{"rendered":"Contact"},"content":{"rendered":"[vc_row type=&#8221;in_container&#8221; full_screen_row_position=&#8221;middle&#8221; column_margin=&#8221;default&#8221; column_direction=&#8221;default&#8221; column_direction_tablet=&#8221;default&#8221; column_direction_phone=&#8221;default&#8221; scene_position=&#8221;center&#8221; top_padding=&#8221;3%&#8221; bottom_padding=&#8221;3%&#8221; text_color=&#8221;dark&#8221; text_align=&#8221;left&#8221; row_border_radius=&#8221;none&#8221; row_border_radius_applies=&#8221;bg&#8221; overlay_strength=&#8221;0.3&#8243; gradient_direction=&#8221;left_to_right&#8221; shape_divider_position=&#8221;bottom&#8221; bg_image_animation=&#8221;none&#8221; shape_type=&#8221;&#8221;][vc_column column_padding=&#8221;no-extra-padding&#8221; column_padding_tablet=&#8221;inherit&#8221; column_padding_phone=&#8221;inherit&#8221; column_padding_position=&#8221;all&#8221; column_element_spacing=&#8221;default&#8221; background_color_opacity=&#8221;1&#8243; background_hover_color_opacity=&#8221;1&#8243; column_shadow=&#8221;none&#8221; column_border_radius=&#8221;none&#8221; column_link_target=&#8221;_self&#8221; gradient_direction=&#8221;left_to_right&#8221; overlay_strength=&#8221;0.3&#8243; width=&#8221;1\/1&#8243; tablet_width_inherit=&#8221;default&#8221; tablet_text_alignment=&#8221;default&#8221; phone_text_alignment=&#8221;default&#8221; bg_image_animation=&#8221;none&#8221; border_type=&#8221;simple&#8221; column_border_width=&#8221;none&#8221; column_border_style=&#8221;solid&#8221;][vc_column_text]\n<h1>Contact<\/h1>\n<p>Br\u00f3coli Pasi\u00f3n | SAKATA Seed Ib\u00e9rica<\/p>\n<h2>Registration Data:<\/h2>\n<p>The company Sakata Seed Ib\u00e9rica S.L.U. is registered in the Commercial Register of Valencia, Volume 5,622, Gen. 2929 of the Gen. Section of the Book of Companies, Folio 111, Page V-50685, 1st Entry, 25-09-96 and has Fiscal ID Code B-96560925.<\/p>\n<p><b>Postal address:<\/b> Sakata Seed Ib\u00e9rica, S.L.U. \u2013 Pl. Poeta Vicente Gaos, 6 Bajo. 46021 VALENCIA (Spain)<br \/>\n<b>Telephone:<\/b>\u00a0 +34 963 563 427<br \/>\n<b>FAX:<\/b> 34 963 563 404<br \/>\n<b>Facebook:<\/b><a href=\"https:\/\/www.facebook.com\/BrocoliPasion\" target=\"_blank\" rel=\"noopener\"> \/Brocolipasion<\/a><span style=\"text-decoration: underline;\">\u00a0<\/span><\/p>\n<p><b>Twitter:<\/b> <a href=\"https:\/\/twitter.com\/BrocoliPasion\" target=\"_blank\" rel=\"noopener\">@brocolipasion<\/a><\/p>\n<p><strong>Instagram<\/strong>: <a href=\"https:\/\/www.instagram.com\/brocolipasion\/\" target=\"_blank\" rel=\"noopener\">@brocolipasion<\/a><\/p>\n<p><b>Email:<\/b>\u00a0<a href=\"mailto:comunicacion@sakata.eu\">comunicacion@sakata.eu<\/a>[\/vc_column_text][\/vc_column][\/vc_row]\n","protected":false},"excerpt":{"rendered":"<p>[vc_row type=&#8221;in_container&#8221; full_screen_row_position=&#8221;middle&#8221; column_margin=&#8221;default&#8221; column_direction=&#8221;default&#8221; column_direction_tablet=&#8221;default&#8221; column_direction_phone=&#8221;default&#8221; scene_position=&#8221;center&#8221; top_padding=&#8221;3%&#8221; bottom_padding=&#8221;3%&#8221; text_color=&#8221;dark&#8221; text_align=&#8221;left&#8221; row_border_radius=&#8221;none&#8221; row_border_radius_applies=&#8221;bg&#8221; overlay_strength=&#8221;0.3&#8243; gradient_direction=&#8221;left_to_right&#8221; shape_divider_position=&#8221;bottom&#8221; bg_image_animation=&#8221;none&#8221; shape_type=&#8221;&#8221;][vc_column column_padding=&#8221;no-extra-padding&#8221; column_padding_tablet=&#8221;inherit&#8221; column_padding_phone=&#8221;inherit&#8221; column_padding_position=&#8221;all&#8221; column_element_spacing=&#8221;default&#8221; background_color_opacity=&#8221;1&#8243; background_hover_color_opacity=&#8221;1&#8243; column_shadow=&#8221;none&#8221; column_border_radius=&#8221;none&#8221; column_link_target=&#8221;_self&#8221; gradient_direction=&#8221;left_to_right&#8221;&#8230;<\/p>\n","protected":false},"author":1,"featured_media":8471,"parent":0,"menu_order":0,"comment_status":"open","ping_status":"open","template":"","meta":{"footnotes":""},"class_list":["post-8370","page","type-page","status-publish","has-post-thumbnail"],"_links":{"self":[{"href":"https:\/\/www.lapandi.org\/en\/wp-json\/wp\/v2\/pages\/8370","targetHints":{"allow":["GET"]}}],"collection":[{"href":"https:\/\/www.lapandi.org\/en\/wp-json\/wp\/v2\/pages"}],"about":[{"href":"https:\/\/www.lapandi.org\/en\/wp-json\/wp\/v2\/types\/page"}],"author":[{"embeddable":true,"href":"https:\/\/www.lapandi.org\/en\/wp-json\/wp\/v2\/users\/1"}],"replies":[{"embeddable":true,"href":"https:\/\/www.lapandi.org\/en\/wp-json\/wp\/v2\/comments?post=8370"}],"version-history":[{"count":1,"href":"https:\/\/www.lapandi.org\/en\/wp-json\/wp\/v2\/pages\/8370\/revisions"}],"predecessor-version":[{"id":8371,"href":"https:\/\/www.lapandi.org\/en\/wp-json\/wp\/v2\/pages\/8370\/revisions\/8371"}],"wp:featuredmedia":[{"embeddable":true,"href":"https:\/\/www.lapandi.org\/en\/wp-json\/wp\/v2\/media\/8471"}],"wp:attachment":[{"href":"https:\/\/www.lapandi.org\/en\/wp-json\/wp\/v2\/media?parent=8370"}],"curies":[{"name":"wp","href":"https:\/\/api.w.org\/{rel}","templated":true}]}}